{"id":3132,"date":"2021-06-07T14:18:59","date_gmt":"2021-06-07T14:18:59","guid":{"rendered":"https:\/\/c2rz97kd.c2.suncomet.fi\/kouhia\/?page_id=3132"},"modified":"2021-06-07T14:18:59","modified_gmt":"2021-06-07T14:18:59","slug":"tietosuojaseloste","status":"publish","type":"page","link":"https:\/\/www.hyvinvointihyve.fi\/index.php\/tietosuojaseloste\/","title":{"rendered":"Tietosuojaseloste"},"content":{"rendered":"\t\t<div data-elementor-type=\"wp-page\" data-elementor-id=\"3132\" class=\"elementor elementor-3132\">\n\t\t\t\t\t\t\t\t\t<section class=\"elementor-section elementor-top-section elementor-element elementor-element-7079035 elementor-section-boxed elementor-section-height-default elementor-section-height-default\" data-id=\"7079035\" data-element_type=\"section\">\n\t\t\t\t\t\t<div class=\"elementor-container elementor-column-gap-default\">\n\t\t\t\t\t<div class=\"elementor-column elementor-col-100 elementor-top-column elementor-element elementor-element-31e45c8\" data-id=\"31e45c8\" data-element_type=\"column\" data-settings=\"{&quot;background_background&quot;:&quot;classic&quot;}\">\n\t\t\t<div class=\"elementor-widget-wrap elementor-element-populated\">\n\t\t\t\t\t<div class=\"elementor-background-overlay\"><\/div>\n\t\t\t\t\t\t\t\t<div class=\"elementor-element elementor-element-1aa0e8b elementor-position-left elementor-vertical-align-middle elementor-widget elementor-widget-image-box\" data-id=\"1aa0e8b\" data-element_type=\"widget\" data-widget_type=\"image-box.default\">\n\t\t\t\t<div class=\"elementor-widget-container\">\n\t\t\t<style>\/*! elementor - v3.11.5 - 14-03-2023 *\/\n.elementor-widget-image-box .elementor-image-box-content{width:100%}@media (min-width:768px){.elementor-widget-image-box.elementor-position-left .elementor-image-box-wrapper,.elementor-widget-image-box.elementor-position-right .elementor-image-box-wrapper{display:flex}.elementor-widget-image-box.elementor-position-right .elementor-image-box-wrapper{text-align:right;flex-direction:row-reverse}.elementor-widget-image-box.elementor-position-left .elementor-image-box-wrapper{text-align:left;flex-direction:row}.elementor-widget-image-box.elementor-position-top .elementor-image-box-img{margin:auto}.elementor-widget-image-box.elementor-vertical-align-top .elementor-image-box-wrapper{align-items:flex-start}.elementor-widget-image-box.elementor-vertical-align-middle .elementor-image-box-wrapper{align-items:center}.elementor-widget-image-box.elementor-vertical-align-bottom .elementor-image-box-wrapper{align-items:flex-end}}@media (max-width:767px){.elementor-widget-image-box .elementor-image-box-img{margin-left:auto!important;margin-right:auto!important;margin-bottom:15px}}.elementor-widget-image-box .elementor-image-box-img{display:inline-block}.elementor-widget-image-box .elementor-image-box-title a{color:inherit}.elementor-widget-image-box .elementor-image-box-wrapper{text-align:center}.elementor-widget-image-box .elementor-image-box-description{margin:0}<\/style><div class=\"elementor-image-box-wrapper\"><div class=\"elementor-image-box-content\"><h3 class=\"elementor-image-box-title\">Tietosuojaseloste<\/h3><p class=\"elementor-image-box-description\">P\u00e4ivitetty: 7.6.2021<\/p><\/div><\/div>\t\t<\/div>\n\t\t\t\t<\/div>\n\t\t\t\t<div class=\"elementor-element elementor-element-4e9315f elementor-position-left elementor-vertical-align-middle elementor-widget elementor-widget-image-box\" data-id=\"4e9315f\" data-element_type=\"widget\" data-widget_type=\"image-box.default\">\n\t\t\t\t<div class=\"elementor-widget-container\">\n\t\t\t<div class=\"elementor-image-box-wrapper\"><div class=\"elementor-image-box-content\"><h3 class=\"elementor-image-box-title\">1. Rekisterinpit\u00e4j\u00e4 ja sen yhteystiedot<\/h3><\/div><\/div>\t\t<\/div>\n\t\t\t\t<\/div>\n\t\t\t\t<div class=\"elementor-element elementor-element-23ab882 elementor-widget elementor-widget-text-editor\" data-id=\"23ab882\" data-element_type=\"widget\" data-widget_type=\"text-editor.default\">\n\t\t\t\t<div class=\"elementor-widget-container\">\n\t\t\t<style>\/*! elementor - v3.11.5 - 14-03-2023 *\/\n.elementor-widget-text-editor.elementor-drop-cap-view-stacked .elementor-drop-cap{background-color:#818a91;color:#fff}.elementor-widget-text-editor.elementor-drop-cap-view-framed .elementor-drop-cap{color:#818a91;border:3px solid;background-color:transparent}.elementor-widget-text-editor:not(.elementor-drop-cap-view-default) .elementor-drop-cap{margin-top:8px}.elementor-widget-text-editor:not(.elementor-drop-cap-view-default) .elementor-drop-cap-letter{width:1em;height:1em}.elementor-widget-text-editor .elementor-drop-cap{float:left;text-align:center;line-height:1;font-size:50px}.elementor-widget-text-editor .elementor-drop-cap-letter{display:inline-block}<\/style>\t\t\t\t<p>Hyvinvointipalvelut Hyve<br \/>Maarit Uusialho<br \/>Y 2833523<br \/>Isokatu 73 A 1, 90120 Oulu<br \/>puh. 040 830 4904<\/p><p>Maarit Uusialho<br \/>Hein\u00e4kuja 2, 90440 Kempele<br \/>puh. 040 830 4904<br \/>maarituusialho(at)gmail.com<\/p>\t\t\t\t\t\t<\/div>\n\t\t\t\t<\/div>\n\t\t\t\t<div class=\"elementor-element elementor-element-0524379 elementor-position-left elementor-vertical-align-middle elementor-widget elementor-widget-image-box\" data-id=\"0524379\" data-element_type=\"widget\" data-widget_type=\"image-box.default\">\n\t\t\t\t<div class=\"elementor-widget-container\">\n\t\t\t<div class=\"elementor-image-box-wrapper\"><div class=\"elementor-image-box-content\"><h3 class=\"elementor-image-box-title\">2. Henkil\u00f6tietojen k\u00e4sittelyn tarkoitus<\/h3><\/div><\/div>\t\t<\/div>\n\t\t\t\t<\/div>\n\t\t\t\t<div class=\"elementor-element elementor-element-f53f9f8 elementor-widget elementor-widget-text-editor\" data-id=\"f53f9f8\" data-element_type=\"widget\" data-widget_type=\"text-editor.default\">\n\t\t\t\t<div class=\"elementor-widget-container\">\n\t\t\t\t\t\t\t<p>Ker\u00e4tt\u00e4vi\u00e4 henkil\u00f6tietoja k\u00e4ytet\u00e4\u00e4n asiakassuhteen yll\u00e4pitoon sek\u00e4 kehitt\u00e4miseen.<br \/>Henkil\u00f6tietojen k\u00e4sittely perustuu asiakkuuteen, sopimussuhteeseen, rekister\u00f6idyn nimenomaiseen suostumukseen tai muuhun oikeutettuun perusteeseen.<\/p>\t\t\t\t\t\t<\/div>\n\t\t\t\t<\/div>\n\t\t\t\t<div class=\"elementor-element elementor-element-a59f919 elementor-position-left elementor-vertical-align-middle elementor-widget elementor-widget-image-box\" data-id=\"a59f919\" data-element_type=\"widget\" data-widget_type=\"image-box.default\">\n\t\t\t\t<div class=\"elementor-widget-container\">\n\t\t\t<div class=\"elementor-image-box-wrapper\"><div class=\"elementor-image-box-content\"><h3 class=\"elementor-image-box-title\">3. Rekisterin tietosis\u00e4lt\u00f6<\/h3><\/div><\/div>\t\t<\/div>\n\t\t\t\t<\/div>\n\t\t\t\t<div class=\"elementor-element elementor-element-c9109f5 elementor-widget elementor-widget-text-editor\" data-id=\"c9109f5\" data-element_type=\"widget\" data-widget_type=\"text-editor.default\">\n\t\t\t\t<div class=\"elementor-widget-container\">\n\t\t\t\t\t\t\t<p>Rekister\u00f6idyst\u00e4 voidaan tallentaa<br>\u2013 nimi ja tarpeelliset yhteystiedot kuten osoite, puhelinnumero ja s\u00e4hk\u00f6postiosoite<br>\u2013 syntym\u00e4aika<br>\u2013 tiedot asiakkaan tilaamista palveluista ja tuotteista sek\u00e4 niiden toimittamisesta ja laskuttamisesta<\/p>\t\t\t\t\t\t<\/div>\n\t\t\t\t<\/div>\n\t\t\t\t<div class=\"elementor-element elementor-element-263f2e9 elementor-position-left elementor-vertical-align-middle elementor-widget elementor-widget-image-box\" data-id=\"263f2e9\" data-element_type=\"widget\" data-widget_type=\"image-box.default\">\n\t\t\t\t<div class=\"elementor-widget-container\">\n\t\t\t<div class=\"elementor-image-box-wrapper\"><div class=\"elementor-image-box-content\"><h3 class=\"elementor-image-box-title\">4. S\u00e4\u00e4nn\u00f6nmukaiset tietol\u00e4hteet<\/h3><\/div><\/div>\t\t<\/div>\n\t\t\t\t<\/div>\n\t\t\t\t<div class=\"elementor-element elementor-element-991f042 elementor-widget elementor-widget-text-editor\" data-id=\"991f042\" data-element_type=\"widget\" data-widget_type=\"text-editor.default\">\n\t\t\t\t<div class=\"elementor-widget-container\">\n\t\t\t\t\t\t\t<p>Rekisteriin tallennettavat tiedot saadaan henkil\u00f6lt\u00e4 itselt\u00e4\u00e4n siin\u00e4 vaiheessa kun asiakassuhde syntyy. Asiakassuhde syntyy kun asiakas varaa ajan palveluun. Henkil\u00f6tietoja ker\u00e4t\u00e4\u00e4n ja p\u00e4ivitet\u00e4\u00e4n my\u00f6s sovellettavan lains\u00e4\u00e4d\u00e4nn\u00f6n rajoissa yleisesti saatavilla olevista l\u00e4hteist\u00e4, jotka liittyv\u00e4t rekisterinpit\u00e4j\u00e4n ja rekister\u00f6idyn henkil\u00f6n v\u00e4lisen asiakassuhteen toteuttamiseen ja, joiden avulla rekisterinpit\u00e4j\u00e4 toteuttaa asiakassuhteiden yll\u00e4pit\u00e4miseen liittyvi\u00e4 velvollisuuksiaan.<\/p>\t\t\t\t\t\t<\/div>\n\t\t\t\t<\/div>\n\t\t\t\t<div class=\"elementor-element elementor-element-ee20ca7 elementor-position-left elementor-vertical-align-middle elementor-widget elementor-widget-image-box\" data-id=\"ee20ca7\" data-element_type=\"widget\" data-widget_type=\"image-box.default\">\n\t\t\t\t<div class=\"elementor-widget-container\">\n\t\t\t<div class=\"elementor-image-box-wrapper\"><div class=\"elementor-image-box-content\"><h3 class=\"elementor-image-box-title\">5. Tietojen s\u00e4\u00e4nn\u00f6nmukainen luovutus ja tietojen siirto EU:n tai ETA:n ulkopuolelle<\/h3><\/div><\/div>\t\t<\/div>\n\t\t\t\t<\/div>\n\t\t\t\t<div class=\"elementor-element elementor-element-5348cca elementor-widget elementor-widget-text-editor\" data-id=\"5348cca\" data-element_type=\"widget\" data-widget_type=\"text-editor.default\">\n\t\t\t\t<div class=\"elementor-widget-container\">\n\t\t\t\t\t\t\t<p>Palvelujen tuottaja\/rekisterin pit\u00e4j\u00e4 ei luovuta tietoja muille tahoille. <br>Tietoja ei siirret\u00e4 EU:n tai ETA:n ulkopuolelle.<\/p>\t\t\t\t\t\t<\/div>\n\t\t\t\t<\/div>\n\t\t\t\t<div class=\"elementor-element elementor-element-797746c elementor-position-left elementor-vertical-align-middle elementor-widget elementor-widget-image-box\" data-id=\"797746c\" data-element_type=\"widget\" data-widget_type=\"image-box.default\">\n\t\t\t\t<div class=\"elementor-widget-container\">\n\t\t\t<div class=\"elementor-image-box-wrapper\"><div class=\"elementor-image-box-content\"><h3 class=\"elementor-image-box-title\">6. Rekisterin suojauksen periaatteet<\/h3><\/div><\/div>\t\t<\/div>\n\t\t\t\t<\/div>\n\t\t\t\t<div class=\"elementor-element elementor-element-defdf1b elementor-widget elementor-widget-text-editor\" data-id=\"defdf1b\" data-element_type=\"widget\" data-widget_type=\"text-editor.default\">\n\t\t\t\t<div class=\"elementor-widget-container\">\n\t\t\t\t\t\t\t<div><p>Asiakasrekisteri\u00e4 k\u00e4sitell\u00e4\u00e4n luottamuksellisesti. Manuaalinen aineisto s\u00e4ilytet\u00e4\u00e4n lukitussa tilassa ja sinne p\u00e4\u00e4sy rajoitetaan vain henkil\u00f6st\u00f6n v\u00e4ltt\u00e4m\u00e4tt\u00f6miin j\u00e4seniin. Rekisteri\u00e4 k\u00e4ytt\u00e4v\u00e4t ainoastaan henkil\u00f6t, joiden toimenkuvaan sen k\u00e4ytt\u00f6 kuuluu.<\/p><p>Teonos Oy:n Slotti ajanvarausohjelman rekisteriseloste l\u00f6ytyy: slotti.fi<br \/>Maksuliikennett\u00e4 hoitavan Zettlen rekisteriseloste l\u00f6ytyy: zettle.com<\/p><\/div>\t\t\t\t\t\t<\/div>\n\t\t\t\t<\/div>\n\t\t\t\t<div class=\"elementor-element elementor-element-d02cb1b elementor-position-left elementor-vertical-align-middle elementor-widget elementor-widget-image-box\" data-id=\"d02cb1b\" data-element_type=\"widget\" data-widget_type=\"image-box.default\">\n\t\t\t\t<div class=\"elementor-widget-container\">\n\t\t\t<div class=\"elementor-image-box-wrapper\"><div class=\"elementor-image-box-content\"><h3 class=\"elementor-image-box-title\">7. Rekister\u00f6idyn oikeudet <\/h3><\/div><\/div>\t\t<\/div>\n\t\t\t\t<\/div>\n\t\t\t\t<div class=\"elementor-element elementor-element-fbc2c82 elementor-widget elementor-widget-text-editor\" data-id=\"fbc2c82\" data-element_type=\"widget\" data-widget_type=\"text-editor.default\">\n\t\t\t\t<div class=\"elementor-widget-container\">\n\t\t\t\t\t\t\t<p>Rekister\u00f6idyll\u00e4 on oikeus tarkastaa, mit\u00e4 h\u00e4nt\u00e4 koskevia tietoja henkil\u00f6tietorekisteriin on talletettu. Kirjallinen tarkastuspyynt\u00f6 tulee l\u00e4hett\u00e4\u00e4 allekirjoitettuna rekisteriasioista vastaavalle henkil\u00f6lle.<\/p><p>Rekister\u00f6idyll\u00e4 on oikeus vaatia virheellisten tai vanhentuneiden tietojen oikaisua tai poistamista tai tietojen siirtoa j\u00e4rjestelm\u00e4st\u00e4 toiseen. H\u00e4nell\u00e4 on my\u00f6s oikeus rajoittaa tai vastustaa tietojensa k\u00e4sittely\u00e4.<\/p><p>Rekister\u00f6idyll\u00e4 on oikeus peruuttaa aiemmin antamansa suostumus tietojen k\u00e4sittelylle tai tehd\u00e4 henkil\u00f6tietojensa k\u00e4sittelyyn liittyvist\u00e4 seikoista valitus valvontaviranomaiselle. Rekister\u00f6idyll\u00e4 on oikeus lopettaa milloin tahansa palvelujen k\u00e4ytt\u00e4minen. Henkil\u00f6tiedot h\u00e4vitet\u00e4\u00e4n k\u00e4ytt\u00e4j\u00e4n pyynn\u00f6st\u00e4, ellei lains\u00e4\u00e4d\u00e4nt\u00f6, avoimet laskut, tai perint\u00e4toimet est\u00e4 tietojen poistamista.<\/p><p>Rekister\u00f6idyll\u00e4 on my\u00f6s oikeus kielt\u00e4\u00e4 tietojensa k\u00e4ytt\u00f6 suoramarkkinointitarkoituksiin.<\/p><p>Tietoja voidaan s\u00e4ilytt\u00e4\u00e4 kirjanpito-, tai muusta pakottavasta lains\u00e4\u00e4d\u00e4nn\u00f6st\u00e4 johtuen kyseisen lain s\u00e4\u00e4nn\u00f6sten mukaisesti my\u00f6s asiakassuhteen tai muun henkil\u00f6tietojen k\u00e4sittelyperusteen p\u00e4\u00e4ttymisen j\u00e4lkeen.<\/p>\t\t\t\t\t\t<\/div>\n\t\t\t\t<\/div>\n\t\t\t\t<div class=\"elementor-element elementor-element-b4afc9a elementor-position-left elementor-vertical-align-middle elementor-widget elementor-widget-image-box\" data-id=\"b4afc9a\" data-element_type=\"widget\" data-widget_type=\"image-box.default\">\n\t\t\t\t<div class=\"elementor-widget-container\">\n\t\t\t<div class=\"elementor-image-box-wrapper\"><div class=\"elementor-image-box-content\"><h3 class=\"elementor-image-box-title\">8. Ev\u00e4steet <\/h3><\/div><\/div>\t\t<\/div>\n\t\t\t\t<\/div>\n\t\t\t\t<div class=\"elementor-element elementor-element-b51bd21 elementor-widget elementor-widget-text-editor\" data-id=\"b51bd21\" data-element_type=\"widget\" data-widget_type=\"text-editor.default\">\n\t\t\t\t<div class=\"elementor-widget-container\">\n\t\t\t\t\t\t\t<p>Ev\u00e4ste (Cookie) on pieni tekstitiedosto, jonka internetselain tallentaa k\u00e4ytt\u00e4j\u00e4n laitteelle. Ev\u00e4steet tallentavat tietoa laitteesi k\u00e4yt\u00f6st\u00e4 ja k\u00e4ytt\u00f6tavoista, muun muassa k\u00e4ytt\u00e4j\u00e4tunnuksesi, valitsemasi kielen, fonttikoon ja erilaiset n\u00e4ytt\u00f6asetukset. Lis\u00e4ksi niill\u00e4 ker\u00e4t\u00e4\u00e4n tietoa mm. mill\u00e4 sivulla k\u00e4ytt\u00e4j\u00e4 on vieraillut, mik\u00e4 internetselain k\u00e4ytt\u00e4j\u00e4ll\u00e4 on k\u00e4yt\u00f6ss\u00e4 tai laitteen IP-osoite. Ev\u00e4steiden hyv\u00e4ksyminen ei ole sivuston toiminnan kannalta ehdottoman v\u00e4ltt\u00e4m\u00e4t\u00f6nt\u00e4, mutta ne helpottavat sivujen selaamista. Voit poistaa tai torjua ev\u00e4steet, mutta t\u00e4ll\u00f6in jotkin sivuston toiminnot eiv\u00e4t mahdollisesti toimi tarkoitetulla tavalla.<\/p><p>Sivusto saattaa sis\u00e4lt\u00e4\u00e4 my\u00f6s kolmannen osapuolten ev\u00e4steit\u00e4, kuten mittaus- ja seurantapalveluiden ev\u00e4steet sek\u00e4 palveluntuottajien ev\u00e4steet.<\/p><p>Ev\u00e4steit\u00e4 ei k\u00e4ytet\u00e4 henkil\u00f6llisyyden tunnistamiseen, ja sivuston k\u00e4ytt\u00f6\u00e4 kuvaavat tiedot ovat t\u00e4ysin sivuston verkkovastaavan hallinnassa. Ev\u00e4steit\u00e4 k\u00e4ytet\u00e4\u00e4n ainoastaan edell\u00e4 kuvattuihin tarkoituksiin.<\/p><p>Voit poistaa kaikki tietokoneellasi olevat ev\u00e4steet, ja useimmat selaimet voi asettaa torjumaan ne kokonaan. Muista kuitenkin, ett\u00e4 jos torjut ev\u00e4steet, joudut m\u00e4\u00e4ritt\u00e4m\u00e4\u00e4n tietyt asetukset aina uudestaan sivustolle palatessasi. Saattaa my\u00f6s olla, ett\u00e4 et voi k\u00e4ytt\u00e4\u00e4 joitakin sivustolla olevia palveluja ja toimintoja.<\/p>\t\t\t\t\t\t<\/div>\n\t\t\t\t<\/div>\n\t\t\t\t\t<\/div>\n\t\t<\/div>\n\t\t\t\t\t\t\t<\/div>\n\t\t<\/section>\n\t\t\t\t\t\t\t<\/div>\n\t\t","protected":false},"excerpt":{"rendered":"<p>Tietosuojaseloste P\u00e4ivitetty: 7.6.2021 1. Rekisterinpit\u00e4j\u00e4 ja sen yhteystiedot Hyvinvointipalvelut HyveMaarit UusialhoY 2833523Isokatu 73 A 1, 90120 Oulupuh. 040 830 4904 Maarit UusialhoHein\u00e4kuja 2, 90440 Kempelepuh. 040 830 4904maarituusialho(at)gmail.com 2. Henkil\u00f6tietojen k\u00e4sittelyn tarkoitus Ker\u00e4tt\u00e4vi\u00e4 henkil\u00f6tietoja k\u00e4ytet\u00e4\u00e4n asiakassuhteen yll\u00e4pitoon sek\u00e4 kehitt\u00e4miseen.Henkil\u00f6tietojen k\u00e4sittely perustuu asiakkuuteen, sopimussuhteeseen, [&hellip;]<\/p>\n","protected":false},"author":1,"featured_media":0,"parent":0,"menu_order":0,"comment_status":"closed","ping_status":"closed","template":"page-templates\/template_page-builder.php","meta":[],"yoast_head":"<!-- This site is optimized with the Yoast SEO plugin v18.4.1 - https:\/\/yoast.com\/wordpress\/plugins\/seo\/ -->\n<title>Tietosuojaseloste - Hyvinvointipalvelut Hyve<\/title>\n<meta name=\"robots\" content=\"index, follow, max-snippet:-1, max-image-preview:large, max-video-preview:-1\" \/>\n<link rel=\"canonical\" href=\"https:\/\/www.hyvinvointihyve.fi\/index.php\/tietosuojaseloste\/\" \/>\n<meta property=\"og:locale\" content=\"fi_FI\" \/>\n<meta property=\"og:type\" content=\"article\" \/>\n<meta property=\"og:title\" content=\"Tietosuojaseloste - Hyvinvointipalvelut Hyve\" \/>\n<meta property=\"og:description\" content=\"Tietosuojaseloste P\u00e4ivitetty: 7.6.2021 1. Rekisterinpit\u00e4j\u00e4 ja sen yhteystiedot Hyvinvointipalvelut HyveMaarit UusialhoY 2833523Isokatu 73 A 1, 90120 Oulupuh. 040 830 4904 Maarit UusialhoHein\u00e4kuja 2, 90440 Kempelepuh. 040 830 4904maarituusialho(at)gmail.com 2. Henkil\u00f6tietojen k\u00e4sittelyn tarkoitus Ker\u00e4tt\u00e4vi\u00e4 henkil\u00f6tietoja k\u00e4ytet\u00e4\u00e4n asiakassuhteen yll\u00e4pitoon sek\u00e4 kehitt\u00e4miseen.Henkil\u00f6tietojen k\u00e4sittely perustuu asiakkuuteen, sopimussuhteeseen, [&hellip;]\" \/>\n<meta property=\"og:url\" content=\"https:\/\/www.hyvinvointihyve.fi\/index.php\/tietosuojaseloste\/\" \/>\n<meta property=\"og:site_name\" content=\"Hyvinvointipalvelut Hyve\" \/>\n<meta name=\"twitter:card\" content=\"summary_large_image\" \/>\n<meta name=\"twitter:label1\" content=\"Arvioitu lukuaika\" \/>\n\t<meta name=\"twitter:data1\" content=\"3 minuuttia\" \/>\n<script type=\"application\/ld+json\" class=\"yoast-schema-graph\">{\"@context\":\"https:\/\/schema.org\",\"@graph\":[{\"@type\":\"WebSite\",\"@id\":\"https:\/\/www.hyvinvointihyve.fi\/#website\",\"url\":\"https:\/\/www.hyvinvointihyve.fi\/\",\"name\":\"Hyvinvointipalvelut Hyve\",\"description\":\"Hyvinvointipalvelut Hyve\",\"potentialAction\":[{\"@type\":\"SearchAction\",\"target\":{\"@type\":\"EntryPoint\",\"urlTemplate\":\"https:\/\/www.hyvinvointihyve.fi\/?s={search_term_string}\"},\"query-input\":\"required name=search_term_string\"}],\"inLanguage\":\"fi\"},{\"@type\":\"WebPage\",\"@id\":\"https:\/\/www.hyvinvointihyve.fi\/index.php\/tietosuojaseloste\/#webpage\",\"url\":\"https:\/\/www.hyvinvointihyve.fi\/index.php\/tietosuojaseloste\/\",\"name\":\"Tietosuojaseloste - Hyvinvointipalvelut Hyve\",\"isPartOf\":{\"@id\":\"https:\/\/www.hyvinvointihyve.fi\/#website\"},\"datePublished\":\"2021-06-07T14:18:59+00:00\",\"dateModified\":\"2021-06-07T14:18:59+00:00\",\"breadcrumb\":{\"@id\":\"https:\/\/www.hyvinvointihyve.fi\/index.php\/tietosuojaseloste\/#breadcrumb\"},\"inLanguage\":\"fi\",\"potentialAction\":[{\"@type\":\"ReadAction\",\"target\":[\"https:\/\/www.hyvinvointihyve.fi\/index.php\/tietosuojaseloste\/\"]}]},{\"@type\":\"BreadcrumbList\",\"@id\":\"https:\/\/www.hyvinvointihyve.fi\/index.php\/tietosuojaseloste\/#breadcrumb\",\"itemListElement\":[{\"@type\":\"ListItem\",\"position\":1,\"name\":\"Etusivu\",\"item\":\"https:\/\/www.hyvinvointihyve.fi\/\"},{\"@type\":\"ListItem\",\"position\":2,\"name\":\"Tietosuojaseloste\"}]}]}<\/script>\n<!-- \/ Yoast SEO plugin. -->","yoast_head_json":{"title":"Tietosuojaseloste - Hyvinvointipalvelut Hyve","robots":{"index":"index","follow":"follow","max-snippet":"max-snippet:-1","max-image-preview":"max-image-preview:large","max-video-preview":"max-video-preview:-1"},"canonical":"https:\/\/www.hyvinvointihyve.fi\/index.php\/tietosuojaseloste\/","og_locale":"fi_FI","og_type":"article","og_title":"Tietosuojaseloste - Hyvinvointipalvelut Hyve","og_description":"Tietosuojaseloste P\u00e4ivitetty: 7.6.2021 1. Rekisterinpit\u00e4j\u00e4 ja sen yhteystiedot Hyvinvointipalvelut HyveMaarit UusialhoY 2833523Isokatu 73 A 1, 90120 Oulupuh. 040 830 4904 Maarit UusialhoHein\u00e4kuja 2, 90440 Kempelepuh. 040 830 4904maarituusialho(at)gmail.com 2. Henkil\u00f6tietojen k\u00e4sittelyn tarkoitus Ker\u00e4tt\u00e4vi\u00e4 henkil\u00f6tietoja k\u00e4ytet\u00e4\u00e4n asiakassuhteen yll\u00e4pitoon sek\u00e4 kehitt\u00e4miseen.Henkil\u00f6tietojen k\u00e4sittely perustuu asiakkuuteen, sopimussuhteeseen, [&hellip;]","og_url":"https:\/\/www.hyvinvointihyve.fi\/index.php\/tietosuojaseloste\/","og_site_name":"Hyvinvointipalvelut Hyve","twitter_card":"summary_large_image","twitter_misc":{"Arvioitu lukuaika":"3 minuuttia"},"schema":{"@context":"https:\/\/schema.org","@graph":[{"@type":"WebSite","@id":"https:\/\/www.hyvinvointihyve.fi\/#website","url":"https:\/\/www.hyvinvointihyve.fi\/","name":"Hyvinvointipalvelut Hyve","description":"Hyvinvointipalvelut Hyve","potentialAction":[{"@type":"SearchAction","target":{"@type":"EntryPoint","urlTemplate":"https:\/\/www.hyvinvointihyve.fi\/?s={search_term_string}"},"query-input":"required name=search_term_string"}],"inLanguage":"fi"},{"@type":"WebPage","@id":"https:\/\/www.hyvinvointihyve.fi\/index.php\/tietosuojaseloste\/#webpage","url":"https:\/\/www.hyvinvointihyve.fi\/index.php\/tietosuojaseloste\/","name":"Tietosuojaseloste - Hyvinvointipalvelut Hyve","isPartOf":{"@id":"https:\/\/www.hyvinvointihyve.fi\/#website"},"datePublished":"2021-06-07T14:18:59+00:00","dateModified":"2021-06-07T14:18:59+00:00","breadcrumb":{"@id":"https:\/\/www.hyvinvointihyve.fi\/index.php\/tietosuojaseloste\/#breadcrumb"},"inLanguage":"fi","potentialAction":[{"@type":"ReadAction","target":["https:\/\/www.hyvinvointihyve.fi\/index.php\/tietosuojaseloste\/"]}]},{"@type":"BreadcrumbList","@id":"https:\/\/www.hyvinvointihyve.fi\/index.php\/tietosuojaseloste\/#breadcrumb","itemListElement":[{"@type":"ListItem","position":1,"name":"Etusivu","item":"https:\/\/www.hyvinvointihyve.fi\/"},{"@type":"ListItem","position":2,"name":"Tietosuojaseloste"}]}]}},"_links":{"self":[{"href":"https:\/\/www.hyvinvointihyve.fi\/index.php\/wp-json\/wp\/v2\/pages\/3132"}],"collection":[{"href":"https:\/\/www.hyvinvointihyve.fi\/index.php\/wp-json\/wp\/v2\/pages"}],"about":[{"href":"https:\/\/www.hyvinvointihyve.fi\/index.php\/wp-json\/wp\/v2\/types\/page"}],"author":[{"embeddable":true,"href":"https:\/\/www.hyvinvointihyve.fi\/index.php\/wp-json\/wp\/v2\/users\/1"}],"replies":[{"embeddable":true,"href":"https:\/\/www.hyvinvointihyve.fi\/index.php\/wp-json\/wp\/v2\/comments?post=3132"}],"version-history":[{"count":0,"href":"https:\/\/www.hyvinvointihyve.fi\/index.php\/wp-json\/wp\/v2\/pages\/3132\/revisions"}],"wp:attachment":[{"href":"https:\/\/www.hyvinvointihyve.fi\/index.php\/wp-json\/wp\/v2\/media?parent=3132"}],"curies":[{"name":"wp","href":"https:\/\/api.w.org\/{rel}","templated":true}]}}